{"id":476,"date":"2021-07-13T22:17:34","date_gmt":"2021-07-13T20:17:34","guid":{"rendered":"https:\/\/hotelimperiale.al\/?page_id=476"},"modified":"2021-07-17T09:40:42","modified_gmt":"2021-07-17T07:40:42","slug":"contatti","status":"publish","type":"page","link":"https:\/\/hotelimperiale.al\/sq\/contatti\/","title":{"rendered":"Kontakt"},"content":{"rendered":"<div data-elementor-type=\"wp-post\" data-elementor-id=\"476\" class=\"elementor elementor-476\">\n\t\t\t\t\t\t<div class=\"elementor-inner\">\n\t\t\t\t<div class=\"elementor-section-wrap\">\n\t\t\t\t\t\t\t\t\t<section class=\"elementor-section elementor-top-section elementor-element elementor-element-cd2cb7f elementor-section-boxed elementor-section-height-default elementor-section-height-default\" data-id=\"cd2cb7f\" data-element_type=\"section\" data-settings=\"{&quot;background_background&quot;:&quot;classic&quot;}\">\n\t\t\t\t\t\t<div class=\"elementor-container elementor-column-gap-default\">\n\t\t\t\t\t\t\t<div class=\"elementor-row\">\n\t\t\t\t\t<div class=\"elementor-column elementor-col-100 elementor-top-column elementor-element elementor-element-77c6e91\" data-id=\"77c6e91\" data-element_type=\"column\">\n\t\t\t<div class=\"elementor-column-wrap elementor-element-populated\">\n\t\t\t\t\t\t\t<div class=\"elementor-widget-wrap\">\n\t\t\t\t\t\t<div class=\"elementor-element elementor-element-d98b059 elementor-widget elementor-widget-spacer\" data-id=\"d98b059\" data-element_type=\"widget\" data-widget_type=\"spacer.default\">\n\t\t\t\t<div class=\"elementor-widget-container\">\n\t\t\t\t\t<div class=\"elementor-spacer\">\n\t\t\t<div class=\"elementor-spacer-inner\"><\/div>\n\t\t<\/div>\n\t\t\t\t<\/div>\n\t\t\t\t<\/div>\n\t\t\t\t\t\t<\/div>\n\t\t\t\t\t<\/div>\n\t\t<\/div>\n\t\t\t\t\t\t\t\t<\/div>\n\t\t\t\t\t<\/div>\n\t\t<\/section>\n\t\t\t\t<section class=\"elementor-section elementor-top-section elementor-element elementor-element-421d1d53 elementor-section-boxed elementor-section-height-default elementor-section-height-default\" data-id=\"421d1d53\" data-element_type=\"section\" data-settings=\"{&quot;background_background&quot;:&quot;classic&quot;}\">\n\t\t\t\t\t\t<div class=\"elementor-container elementor-column-gap-no\">\n\t\t\t\t\t\t\t<div class=\"elementor-row\">\n\t\t\t\t\t<div class=\"elementor-column elementor-col-100 elementor-top-column elementor-element elementor-element-3fa04c87\" data-id=\"3fa04c87\" data-element_type=\"column\">\n\t\t\t<div class=\"elementor-column-wrap elementor-element-populated\">\n\t\t\t\t\t\t\t<div class=\"elementor-widget-wrap\">\n\t\t\t\t\t\t<div class=\"elementor-element elementor-element-596725c elementor-widget elementor-widget-menu-anchor\" data-id=\"596725c\" data-element_type=\"widget\" data-widget_type=\"menu-anchor.default\">\n\t\t\t\t<div class=\"elementor-widget-container\">\n\t\t\t\t\t<div id=\"contact\" class=\"elementor-menu-anchor\"><\/div>\n\t\t\t\t<\/div>\n\t\t\t\t<\/div>\n\t\t\t\t<div class=\"elementor-element elementor-element-369c7592 elementor-widget elementor-widget-spacer\" data-id=\"369c7592\" data-element_type=\"widget\" data-widget_type=\"spacer.default\">\n\t\t\t\t<div class=\"elementor-widget-container\">\n\t\t\t\t\t<div class=\"elementor-spacer\">\n\t\t\t<div class=\"elementor-spacer-inner\"><\/div>\n\t\t<\/div>\n\t\t\t\t<\/div>\n\t\t\t\t<\/div>\n\t\t\t\t<div class=\"elementor-element elementor-element-2887508a elementor-view-default elementor-position-top elementor-widget elementor-widget-themo-header\" data-id=\"2887508a\" data-element_type=\"widget\" data-widget_type=\"themo-header.default\">\n\t\t\t\t<div class=\"elementor-widget-container\">\n\t\t\t\t\t<div class=\"th-header-wrap\">\n        <div class=\"elementor-icon-box-wrapper th-show-icon\">\n                            <div class=\"elementor-icon-box-icon th-icon-size-md\">\n                    <span class=\"elementor-icon\">\n                        <i aria-hidden=\"true\" class=\"fas fa-hotel\"><\/i>                    <\/span>\n                <\/div>\n                                <div class=\"elementor-icon-box-content\">\n                    <h2 class=\"elementor-icon-box-title\">\n                        Na kontaktoni                    <\/h2>\n                                            <span class=\"th-header-divider\"><\/span>\n                                        <p class=\"elementor-icon-box-description\">Na kontaktoni p\u00ebr informacion t\u00eb m\u00ebtejsh\u00ebm, stafi yn\u00eb \u00ebsht\u00eb n\u00eb dispozicionin tuaj.<\/p>\n\n                                    <\/div>\n            <\/div>\n\n        <\/div>\n\n\t\t\t\t<\/div>\n\t\t\t\t<\/div>\n\t\t\t\t\t\t<\/div>\n\t\t\t\t\t<\/div>\n\t\t<\/div>\n\t\t\t\t\t\t\t\t<\/div>\n\t\t\t\t\t<\/div>\n\t\t<\/section>\n\t\t\t\t<section class=\"elementor-section elementor-top-section elementor-element elementor-element-233cf979 elementor-section-boxed elementor-section-height-default elementor-section-height-default\" data-id=\"233cf979\" data-element_type=\"section\" data-settings=\"{&quot;background_background&quot;:&quot;classic&quot;}\">\n\t\t\t\t\t\t<div class=\"elementor-container elementor-column-gap-extended\">\n\t\t\t\t\t\t\t<div class=\"elementor-row\">\n\t\t\t\t\t<div class=\"elementor-column elementor-col-50 elementor-top-column elementor-element elementor-element-39c2a6a8\" data-id=\"39c2a6a8\" data-element_type=\"column\">\n\t\t\t<div class=\"elementor-column-wrap elementor-element-populated\">\n\t\t\t\t\t\t\t<div class=\"elementor-widget-wrap\">\n\t\t\t\t\t\t<div class=\"elementor-element elementor-element-2f862e76 elementor-widget elementor-widget-spacer\" data-id=\"2f862e76\" data-element_type=\"widget\" data-widget_type=\"spacer.default\">\n\t\t\t\t<div class=\"elementor-widget-container\">\n\t\t\t\t\t<div class=\"elementor-spacer\">\n\t\t\t<div class=\"elementor-spacer-inner\"><\/div>\n\t\t<\/div>\n\t\t\t\t<\/div>\n\t\t\t\t<\/div>\n\t\t\t\t<div class=\"elementor-element elementor-element-49f5adba elementor-position-left elementor-view-default elementor-widget elementor-widget-themo-service-block\" data-id=\"49f5adba\" data-element_type=\"widget\" data-widget_type=\"themo-service-block.default\">\n\t\t\t\t<div class=\"elementor-widget-container\">\n\t\t\t\t\t<div class=\"th-service-block-w\">\n            <div class=\"elementor-icon-box-wrapper th-show-icon\">\n                                    <div class=\"elementor-icon-box-icon th-icon-size-sm\">\n                        <span class=\"elementor-icon\" >\n                            <i aria-hidden=\"true\" class=\"fasth-linea icon-basic-smartphone\"><\/i>                        <\/span>\n                    <\/div>\n                                <div class=\"elementor-icon-box-content\">\n                    <h4 class=\"elementor-icon-box-title\">\n                        <span >Chiamaci<\/span>\n                    <\/h4>\n                    <p class=\"elementor-icon-box-description\">+355 52 261 191<\/p>\n                <\/div>\n            <\/div>\n\n        <\/div>\n\n\t\t\t\t<\/div>\n\t\t\t\t<\/div>\n\t\t\t\t<div class=\"elementor-element elementor-element-1d28ef96 elementor-position-left elementor-view-default elementor-widget elementor-widget-themo-service-block\" data-id=\"1d28ef96\" data-element_type=\"widget\" data-widget_type=\"themo-service-block.default\">\n\t\t\t\t<div class=\"elementor-widget-container\">\n\t\t\t\t\t<div class=\"th-service-block-w\">\n            <div class=\"elementor-icon-box-wrapper th-show-icon\">\n                                    <div class=\"elementor-icon-box-icon th-icon-size-sm\">\n                        <span class=\"elementor-icon\" >\n                            <i aria-hidden=\"true\" class=\"fasth-linea icon-basic-mail\"><\/i>                        <\/span>\n                    <\/div>\n                                <div class=\"elementor-icon-box-content\">\n                    <h4 class=\"elementor-icon-box-title\">\n                        <span >Mandaci una mail<\/span>\n                    <\/h4>\n                    <p class=\"elementor-icon-box-description\">info@hotelimperiale.al<\/p>\n                <\/div>\n            <\/div>\n\n        <\/div>\n\n\t\t\t\t<\/div>\n\t\t\t\t<\/div>\n\t\t\t\t<div class=\"elementor-element elementor-element-37d5f4f4 elementor-widget elementor-widget-spacer\" data-id=\"37d5f4f4\" data-element_type=\"widget\" data-widget_type=\"spacer.default\">\n\t\t\t\t<div class=\"elementor-widget-container\">\n\t\t\t\t\t<div class=\"elementor-spacer\">\n\t\t\t<div class=\"elementor-spacer-inner\"><\/div>\n\t\t<\/div>\n\t\t\t\t<\/div>\n\t\t\t\t<\/div>\n\t\t\t\t<div class=\"elementor-element elementor-element-6223455b elementor-position-left elementor-view-default elementor-widget elementor-widget-themo-service-block\" data-id=\"6223455b\" data-element_type=\"widget\" data-widget_type=\"themo-service-block.default\">\n\t\t\t\t<div class=\"elementor-widget-container\">\n\t\t\t\t\t<div class=\"th-service-block-w\">\n            <div class=\"elementor-icon-box-wrapper th-show-icon\">\n                                    <div class=\"elementor-icon-box-icon th-icon-size-sm\">\n                        <span class=\"elementor-icon\" >\n                            <i aria-hidden=\"true\" class=\"fasth-trip travelpack-location-pin-1\"><\/i>                        <\/span>\n                    <\/div>\n                                <div class=\"elementor-icon-box-content\">\n                    <h4 class=\"elementor-icon-box-title\">\n                        <span >Vienici a trovare in hotel<\/span>\n                    <\/h4>\n                    <p class=\"elementor-icon-box-description\">Rruga Pavaresia,Lagjia 13\nPlazh, Durres<\/p>\n                <\/div>\n            <\/div>\n\n        <\/div>\n\n\t\t\t\t<\/div>\n\t\t\t\t<\/div>\n\t\t\t\t<div class=\"elementor-element elementor-element-590fd681 elementor-widget elementor-widget-spacer\" data-id=\"590fd681\" data-element_type=\"widget\" data-widget_type=\"spacer.default\">\n\t\t\t\t<div class=\"elementor-widget-container\">\n\t\t\t\t\t<div class=\"elementor-spacer\">\n\t\t\t<div class=\"elementor-spacer-inner\"><\/div>\n\t\t<\/div>\n\t\t\t\t<\/div>\n\t\t\t\t<\/div>\n\t\t\t\t\t\t<\/div>\n\t\t\t\t\t<\/div>\n\t\t<\/div>\n\t\t\t\t<div class=\"elementor-column elementor-col-50 elementor-top-column elementor-element elementor-element-4682fbf1\" data-id=\"4682fbf1\" data-element_type=\"column\">\n\t\t\t<div class=\"elementor-column-wrap elementor-element-populated\">\n\t\t\t\t\t\t\t<div class=\"elementor-widget-wrap\">\n\t\t\t\t\t\t<div class=\"elementor-element elementor-element-a0165aa elementor-widget elementor-widget-spacer\" data-id=\"a0165aa\" data-element_type=\"widget\" data-widget_type=\"spacer.default\">\n\t\t\t\t<div class=\"elementor-widget-container\">\n\t\t\t\t\t<div class=\"elementor-spacer\">\n\t\t\t<div class=\"elementor-spacer-inner\"><\/div>\n\t\t<\/div>\n\t\t\t\t<\/div>\n\t\t\t\t<\/div>\n\t\t\t\t<div class=\"elementor-element elementor-element-442d74d3 elementor-widget elementor-widget-themo-formidable-form\" data-id=\"442d74d3\" data-element_type=\"widget\" data-widget_type=\"themo-formidable-form.default\">\n\t\t\t\t<div class=\"elementor-widget-container\">\n\t\t\t            <div class=\"th-fo-form  th-form-default  th-btn-form btn-standard-primary-form\"><div class=\"frm_forms  with_frm_style frm_style_formidable-style\" id=\"frm_form_3_container\" >\n<form enctype=\"multipart\/form-data\" method=\"post\" class=\"frm-show-form\" id=\"form_contact3\" action=\"\"  >\n<div class=\"frm_form_fields\">\n<fieldset>\n\r\n<div class=\"frm_fields_container\">\n<input type=\"hidden\" name=\"frm_action\" value=\"create\" \/>\n<input type=\"hidden\" name=\"form_id\" value=\"3\" \/>\n<input type=\"hidden\" name=\"frm_hide_fields_3\" id=\"frm_hide_fields_3\" value=\"\" \/>\n<input type=\"hidden\" name=\"form_key\" value=\"contact3\" \/>\n<input type=\"hidden\" name=\"item_meta[0]\" value=\"\" \/>\n<input type=\"hidden\" id=\"frm_submit_entry_3\" name=\"frm_submit_entry_3\" value=\"b08212b377\" \/><input type=\"hidden\" name=\"_wp_http_referer\" value=\"\/sq\/wp-json\/wp\/v2\/pages\/476\" \/><div id=\"frm_field_9_container\" class=\"frm_form_field form-field  frm_required_field frm_none_container frm_full\">\r\n    <label for=\"field_xipbjr3\" class=\"frm_primary_label\">Emri\r\n        <span class=\"frm_required\">*<\/span>\r\n    <\/label>\r\n    <input type=\"text\" id=\"field_xipbjr3\" name=\"item_meta[9]\" value=\"\"  placeholder=\"Emri\" data-reqmsg=\"This field cannot be blank.\" aria-required=\"true\" data-invmsg=\"Name is invalid\" aria-invalid=\"false\"  \/>\r\n    \r\n    \r\n<\/div>\n<div id=\"frm_field_10_container\" class=\"frm_form_field form-field  frm_required_field frm_none_container frm_full\">\r\n    <label for=\"field_jaehy83\" class=\"frm_primary_label\">Email\r\n        <span class=\"frm_required\">*<\/span>\r\n    <\/label>\r\n    <input type=\"text\" id=\"field_jaehy83\" name=\"item_meta[10]\" value=\"\"  placeholder=\"Email\" data-reqmsg=\"This field cannot be blank.\" aria-required=\"true\" data-invmsg=\"Email is invalid\" aria-invalid=\"false\"  \/>\r\n    \r\n    \r\n<\/div>\n<div id=\"frm_field_11_container\" class=\"frm_form_field form-field  frm_none_container frm_full\">\r\n    <label for=\"field_cqpguu3\" class=\"frm_primary_label\">Phone\r\n        <span class=\"frm_required\"><\/span>\r\n    <\/label>\r\n    <input type=\"text\" id=\"field_cqpguu3\" name=\"item_meta[11]\" value=\"\"  placeholder=\"Phone\" data-invmsg=\"Phone is invalid\" aria-invalid=\"false\"  \/>\r\n    \r\n    \r\n<\/div>\n<div id=\"frm_field_12_container\" class=\"frm_form_field form-field  frm_required_field frm_none_container frm_full\">\r\n    <label for=\"field_w7ueyk3\" class=\"frm_primary_label\">Subject\r\n        <span class=\"frm_required\">*<\/span>\r\n    <\/label>\r\n    <input type=\"text\" id=\"field_w7ueyk3\" name=\"item_meta[12]\" value=\"\"  placeholder=\"Subject\" data-reqmsg=\"This field cannot be blank.\" aria-required=\"true\" data-invmsg=\"Subject is invalid\" aria-invalid=\"false\"  \/>\r\n    \r\n    \r\n<\/div>\n<div id=\"frm_field_13_container\" class=\"frm_form_field form-field  frm_required_field frm_none_container frm_full\">\r\n    <label for=\"field_kggkvh3\" class=\"frm_primary_label\">Message\r\n        <span class=\"frm_required\">*<\/span>\r\n    <\/label>\r\n    <textarea name=\"item_meta[13]\" id=\"field_kggkvh3\" rows=\"5\"  placeholder=\"Message\" data-reqmsg=\"This field cannot be blank.\" aria-required=\"true\" data-invmsg=\"Message is invalid\" aria-invalid=\"false\"  ><\/textarea>\r\n    \r\n    \r\n<\/div>\n\t<input type=\"hidden\" name=\"item_key\" value=\"\" \/>\n\t\t\t\t<div class=\"frm_verify\" aria-hidden=\"true\">\n\t\t\t\t<label for=\"frm_email_3\">\n\t\t\t\t\tIf you are human, leave this field blank.\t\t\t\t<\/label>\n\t\t\t\t<input type=\"text\" class=\"frm_verify\" id=\"frm_email_3\" name=\"frm_verify\" value=\"\"  \/>\n\t\t\t<\/div>\n\t\t<div class=\"frm_submit\">\r\n\r\n<input type=\"submit\" value=\"Invio\"  \/>\r\n<img data-rjs=\"2\" decoding=\"async\" class=\"frm_ajax_loading\" src=\"https:\/\/hotelimperiale.al\/wp-content\/plugins\/formidable\/images\/ajax_loader.gif\" alt=\"Sending\" style=\"visibility:hidden;\" \/>\r\n\r\n<\/div><\/div>\n<\/fieldset>\n<\/div>\n<input type=\"hidden\" name=\"trp-form-language\" value=\"sq\"\/><\/form>\n<\/div>\n<\/div>\n            \t\t<\/div>\n\t\t\t\t<\/div>\n\t\t\t\t\t\t<\/div>\n\t\t\t\t\t<\/div>\n\t\t<\/div>\n\t\t\t\t\t\t\t\t<\/div>\n\t\t\t\t\t<\/div>\n\t\t<\/section>\n\t\t\t\t<section class=\"elementor-section elementor-top-section elementor-element elementor-element-3ec02e0 elementor-section-boxed elementor-section-height-default elementor-section-height-default\" data-id=\"3ec02e0\" data-element_type=\"section\" data-settings=\"{&quot;background_background&quot;:&quot;classic&quot;}\">\n\t\t\t\t\t\t<div class=\"elementor-container elementor-column-gap-default\">\n\t\t\t\t\t\t\t<div class=\"elementor-row\">\n\t\t\t\t\t<div class=\"elementor-column elementor-col-100 elementor-top-column elementor-element elementor-element-522b228\" data-id=\"522b228\" data-element_type=\"column\">\n\t\t\t<div class=\"elementor-column-wrap elementor-element-populated\">\n\t\t\t\t\t\t\t<div class=\"elementor-widget-wrap\">\n\t\t\t\t\t\t<div class=\"elementor-element elementor-element-f38f9ee elementor-widget elementor-widget-spacer\" data-id=\"f38f9ee\" data-element_type=\"widget\" data-widget_type=\"spacer.default\">\n\t\t\t\t<div class=\"elementor-widget-container\">\n\t\t\t\t\t<div class=\"elementor-spacer\">\n\t\t\t<div class=\"elementor-spacer-inner\"><\/div>\n\t\t<\/div>\n\t\t\t\t<\/div>\n\t\t\t\t<\/div>\n\t\t\t\t\t\t<\/div>\n\t\t\t\t\t<\/div>\n\t\t<\/div>\n\t\t\t\t\t\t\t\t<\/div>\n\t\t\t\t\t<\/div>\n\t\t<\/section>\n\t\t\t\t<section class=\"elementor-section elementor-top-section elementor-element elementor-element-26ed64dc elementor-section-boxed elementor-section-height-default elementor-section-height-default\" data-id=\"26ed64dc\" data-element_type=\"section\" data-settings=\"{&quot;background_background&quot;:&quot;classic&quot;}\">\n\t\t\t\t\t\t<div class=\"elementor-container elementor-column-gap-wider\">\n\t\t\t\t\t\t\t<div class=\"elementor-row\">\n\t\t\t\t\t<div class=\"elementor-column elementor-col-100 elementor-top-column elementor-element elementor-element-3972a860\" data-id=\"3972a860\" data-element_type=\"column\">\n\t\t\t<div class=\"elementor-column-wrap elementor-element-populated\">\n\t\t\t\t\t\t\t<div class=\"elementor-widget-wrap\">\n\t\t\t\t\t\t<div class=\"elementor-element elementor-element-3570f2b6 elementor-widget elementor-widget-themo-call-to-action\" data-id=\"3570f2b6\" data-element_type=\"widget\" data-widget_type=\"themo-call-to-action.default\">\n\t\t\t\t<div class=\"elementor-widget-container\">\n\t\t\t\t\t<div class=\"th-cta\">\n\t\t\t\t\t        <div class=\"th-cta-text\">\n\t\t            <span>Ju p\u00eblqen hoteli yn\u00eb?<\/span>\n\t\t        <\/div>\n\t\t    \n                        <div class=\"th-cta-btn\">\n\n                                    <a class=\"btn-1 btn th-btn btn-ghost-light\" href=\"\/sq\/\" target=\"_blank\">\n                                                    REYERVO TANI                                            <\/a>\n                \n                            <\/div>\n            \t\t<\/div>\n\t\t\t\t<\/div>\n\t\t\t\t<\/div>\n\t\t\t\t\t\t<\/div>\n\t\t\t\t\t<\/div>\n\t\t<\/div>\n\t\t\t\t\t\t\t\t<\/div>\n\t\t\t\t\t<\/div>\n\t\t<\/section>\n\t\t\t\t<section class=\"elementor-section elementor-top-section elementor-element elementor-element-1211b2ab elementor-section-boxed elementor-section-height-default elementor-section-height-default\" data-id=\"1211b2ab\" data-element_type=\"section\" data-settings=\"{&quot;background_background&quot;:&quot;classic&quot;}\">\n\t\t\t\t\t\t<div class=\"elementor-container elementor-column-gap-default\">\n\t\t\t\t\t\t\t<div class=\"elementor-row\">\n\t\t\t\t\t<div class=\"elementor-column elementor-col-100 elementor-top-column elementor-element elementor-element-125f9ba1\" data-id=\"125f9ba1\" data-element_type=\"column\">\n\t\t\t<div class=\"elementor-column-wrap elementor-element-populated\">\n\t\t\t\t\t\t\t<div class=\"elementor-widget-wrap\">\n\t\t\t\t\t\t<section class=\"elementor-section elementor-inner-section elementor-element elementor-element-f5d11bc elementor-section-boxed elementor-section-height-default elementor-section-height-default\" data-id=\"f5d11bc\" data-element_type=\"section\">\n\t\t\t\t\t\t<div class=\"elementor-container elementor-column-gap-default\">\n\t\t\t\t\t\t\t<div class=\"elementor-row\">\n\t\t\t\t\t<div class=\"elementor-column elementor-col-33 elementor-inner-column elementor-element elementor-element-52cb2323\" data-id=\"52cb2323\" data-element_type=\"column\">\n\t\t\t<div class=\"elementor-column-wrap elementor-element-populated\">\n\t\t\t\t\t\t\t<div class=\"elementor-widget-wrap\">\n\t\t\t\t\t\t<div class=\"elementor-element elementor-element-1b5b1bf6 elementor-widget elementor-widget-image\" data-id=\"1b5b1bf6\" data-element_type=\"widget\" data-widget_type=\"image.default\">\n\t\t\t\t<div class=\"elementor-widget-container\">\n\t\t\t\t\t\t\t\t<div class=\"elementor-image\">\n\t\t\t\t\t\t\t\t\t\t\t\t<img data-rjs=\"2\" loading=\"lazy\" decoding=\"async\" width=\"150\" height=\"80\" src=\"https:\/\/hotelimperiale.al\/wp-content\/uploads\/2017\/12\/brands-tripadvisor-70.png\" class=\"attachment-th_img_xs size-th_img_xs wp-image-28\" alt=\"\" \/>\t\t\t\t\t\t\t\t\t\t\t\t\t\t<\/div>\n\t\t\t\t\t\t<\/div>\n\t\t\t\t<\/div>\n\t\t\t\t\t\t<\/div>\n\t\t\t\t\t<\/div>\n\t\t<\/div>\n\t\t\t\t<div class=\"elementor-column elementor-col-33 elementor-inner-column elementor-element elementor-element-5ef0fbca\" data-id=\"5ef0fbca\" data-element_type=\"column\">\n\t\t\t<div class=\"elementor-column-wrap elementor-element-populated\">\n\t\t\t\t\t\t\t<div class=\"elementor-widget-wrap\">\n\t\t\t\t\t\t<div class=\"elementor-element elementor-element-6d031d14 elementor-widget elementor-widget-image\" data-id=\"6d031d14\" data-element_type=\"widget\" data-widget_type=\"image.default\">\n\t\t\t\t<div class=\"elementor-widget-container\">\n\t\t\t\t\t\t\t\t<div class=\"elementor-image\">\n\t\t\t\t\t\t\t\t\t\t\t\t<img data-rjs=\"2\" loading=\"lazy\" decoding=\"async\" width=\"220\" height=\"80\" src=\"https:\/\/hotelimperiale.al\/wp-content\/uploads\/2017\/12\/brands-airbnb-70.png\" class=\"attachment-th_img_xs size-th_img_xs wp-image-29\" alt=\"\" \/>\t\t\t\t\t\t\t\t\t\t\t\t\t\t<\/div>\n\t\t\t\t\t\t<\/div>\n\t\t\t\t<\/div>\n\t\t\t\t\t\t<\/div>\n\t\t\t\t\t<\/div>\n\t\t<\/div>\n\t\t\t\t<div class=\"elementor-column elementor-col-33 elementor-inner-column elementor-element elementor-element-7085b3ac\" data-id=\"7085b3ac\" data-element_type=\"column\">\n\t\t\t<div class=\"elementor-column-wrap elementor-element-populated\">\n\t\t\t\t\t\t\t<div class=\"elementor-widget-wrap\">\n\t\t\t\t\t\t<div class=\"elementor-element elementor-element-a28a0 elementor-widget elementor-widget-image\" data-id=\"a28a0\" data-element_type=\"widget\" data-widget_type=\"image.default\">\n\t\t\t\t<div class=\"elementor-widget-container\">\n\t\t\t\t\t\t\t\t<div class=\"elementor-image\">\n\t\t\t\t\t\t\t\t\t\t\t\t<img data-rjs=\"2\" loading=\"lazy\" decoding=\"async\" width=\"210\" height=\"80\" src=\"https:\/\/hotelimperiale.al\/wp-content\/uploads\/2017\/12\/brands-bbb-70.png\" class=\"attachment-th_img_xs size-th_img_xs wp-image-30\" alt=\"\" \/>\t\t\t\t\t\t\t\t\t\t\t\t\t\t<\/div>\n\t\t\t\t\t\t<\/div>\n\t\t\t\t<\/div>\n\t\t\t\t\t\t<\/div>\n\t\t\t\t\t<\/div>\n\t\t<\/div>\n\t\t\t\t\t\t\t\t<\/div>\n\t\t\t\t\t<\/div>\n\t\t<\/section>\n\t\t\t\t<div class=\"elementor-element elementor-element-6d97794 elementor-widget elementor-widget-spacer\" data-id=\"6d97794\" data-element_type=\"widget\" data-widget_type=\"spacer.default\">\n\t\t\t\t<div class=\"elementor-widget-container\">\n\t\t\t\t\t<div class=\"elementor-spacer\">\n\t\t\t<div class=\"elementor-spacer-inner\"><\/div>\n\t\t<\/div>\n\t\t\t\t<\/div>\n\t\t\t\t<\/div>\n\t\t\t\t\t\t<\/div>\n\t\t\t\t\t<\/div>\n\t\t<\/div>\n\t\t\t\t\t\t\t\t<\/div>\n\t\t\t\t\t<\/div>\n\t\t<\/section>\n\t\t\t\t\t\t\t\t\t<\/div>\n\t\t\t<\/div>\n\t\t\t\t\t<\/div>","protected":false},"excerpt":{"rendered":"<p>CONTATTACI Contattaci per qualunque informazione, il nostro personale \u00e8 a tua disposizione Chiamaci +355 52 261 191 Mandaci una mail info@hotelimperiale.al Vienici a trovare in hotel Rruga Pavaresia,Lagjia 13 Plazh, Durres Name * Email * Phone Subject * Message * &hellip; <a href=\"https:\/\/hotelimperiale.al\/sq\/contatti\/\">Read More<\/a><\/p>","protected":false},"author":2,"featured_media":0,"parent":0,"menu_order":9,"comment_status":"closed","ping_status":"closed","template":"","meta":{"footnotes":""},"class_list":["post-476","page","type-page","status-publish","hentry"],"_links":{"self":[{"href":"https:\/\/hotelimperiale.al\/sq\/wp-json\/wp\/v2\/pages\/476","targetHints":{"allow":["GET"]}}],"collection":[{"href":"https:\/\/hotelimperiale.al\/sq\/wp-json\/wp\/v2\/pages"}],"about":[{"href":"https:\/\/hotelimperiale.al\/sq\/wp-json\/wp\/v2\/types\/page"}],"author":[{"embeddable":true,"href":"https:\/\/hotelimperiale.al\/sq\/wp-json\/wp\/v2\/users\/2"}],"replies":[{"embeddable":true,"href":"https:\/\/hotelimperiale.al\/sq\/wp-json\/wp\/v2\/comments?post=476"}],"version-history":[{"count":14,"href":"https:\/\/hotelimperiale.al\/sq\/wp-json\/wp\/v2\/pages\/476\/revisions"}],"predecessor-version":[{"id":654,"href":"https:\/\/hotelimperiale.al\/sq\/wp-json\/wp\/v2\/pages\/476\/revisions\/654"}],"wp:attachment":[{"href":"https:\/\/hotelimperiale.al\/sq\/wp-json\/wp\/v2\/media?parent=476"}],"curies":[{"name":"wp","href":"https:\/\/api.w.org\/{rel}","templated":true}]}}