{"id":60,"date":"2017-12-02T06:33:50","date_gmt":"2017-12-02T06:33:50","guid":{"rendered":"https:\/\/import.themovation.com\/bellevue2\/hotel\/?page_id=559"},"modified":"2024-08-01T17:31:43","modified_gmt":"2024-08-01T15:31:43","slug":"dove-siamo","status":"publish","type":"page","link":"https:\/\/hotelimperiale.al\/sq\/dove-siamo\/","title":{"rendered":"Ku ndodhemi"},"content":{"rendered":"<div data-elementor-type=\"wp-post\" data-elementor-id=\"60\" class=\"elementor elementor-60\">\n\t\t\t\t\t\t<div class=\"elementor-inner\">\n\t\t\t\t<div class=\"elementor-section-wrap\">\n\t\t\t\t\t\t\t\t\t<section class=\"elementor-section elementor-top-section elementor-element elementor-element-7c6ff5bb elementor-section-full_width elementor-section-height-min-height elementor-section-height-default elementor-section-items-middle\" data-id=\"7c6ff5bb\" data-element_type=\"section\" data-settings=\"{&quot;background_background&quot;:&quot;classic&quot;}\">\n\t\t\t\t\t\t\t<div class=\"elementor-background-overlay\"><\/div>\n\t\t\t\t\t\t\t<div class=\"elementor-container elementor-column-gap-default\">\n\t\t\t\t\t\t\t<div class=\"elementor-row\">\n\t\t\t\t\t<div class=\"elementor-column elementor-col-100 elementor-top-column elementor-element elementor-element-91f9f2b\" data-id=\"91f9f2b\" data-element_type=\"column\">\n\t\t\t<div class=\"elementor-column-wrap elementor-element-populated\">\n\t\t\t\t\t\t\t<div class=\"elementor-widget-wrap\">\n\t\t\t\t\t\t<div class=\"elementor-element elementor-element-32575fce elementor-widget elementor-widget-spacer\" data-id=\"32575fce\" data-element_type=\"widget\" data-widget_type=\"spacer.default\">\n\t\t\t\t<div class=\"elementor-widget-container\">\n\t\t\t\t\t<div class=\"elementor-spacer\">\n\t\t\t<div class=\"elementor-spacer-inner\"><\/div>\n\t\t<\/div>\n\t\t\t\t<\/div>\n\t\t\t\t<\/div>\n\t\t\t\t<div class=\"elementor-element elementor-element-b83b3ee elementor-view-default elementor-position-top elementor-invisible elementor-widget elementor-widget-themo-header\" data-id=\"b83b3ee\" data-element_type=\"widget\" data-settings=\"{&quot;_animation&quot;:&quot;fadeIn&quot;}\" data-widget_type=\"themo-header.default\">\n\t\t\t\t<div class=\"elementor-widget-container\">\n\t\t\t\t\t<div class=\"th-header-wrap\">\n        <div class=\"elementor-icon-box-wrapper\">\n                            <div class=\"elementor-icon-box-content\">\n                    <h1 class=\"elementor-icon-box-title\">\n                        Ku ndodhemi                    <\/h1>\n                                        <p class=\"elementor-icon-box-description\"><\/p>\n\n                                            <div class=\"th-btn-wrap\">\n                                                            <a class=\"btn-1 btn th-btn btn-standard-light\" href=\"#map\">\n                                                                            MAPPA E INDICAZIONI                                                                    <\/a>\n                            \n                                                    <\/div>\n                                    <\/div>\n            <\/div>\n\n        <\/div>\n\n\t\t\t\t<\/div>\n\t\t\t\t<\/div>\n\t\t\t\t\t\t<\/div>\n\t\t\t\t\t<\/div>\n\t\t<\/div>\n\t\t\t\t\t\t\t\t<\/div>\n\t\t\t\t\t<\/div>\n\t\t<\/section>\n\t\t\t\t<section class=\"elementor-section elementor-top-section elementor-element elementor-element-cd2cb7f elementor-section-boxed elementor-section-height-default elementor-section-height-default\" data-id=\"cd2cb7f\" data-element_type=\"section\" data-settings=\"{&quot;background_background&quot;:&quot;classic&quot;}\">\n\t\t\t\t\t\t<div class=\"elementor-container elementor-column-gap-default\">\n\t\t\t\t\t\t\t<div class=\"elementor-row\">\n\t\t\t\t\t<div class=\"elementor-column elementor-col-100 elementor-top-column elementor-element elementor-element-77c6e91\" data-id=\"77c6e91\" data-element_type=\"column\">\n\t\t\t<div class=\"elementor-column-wrap elementor-element-populated\">\n\t\t\t\t\t\t\t<div class=\"elementor-widget-wrap\">\n\t\t\t\t\t\t<div class=\"elementor-element elementor-element-d98b059 elementor-widget elementor-widget-spacer\" data-id=\"d98b059\" data-element_type=\"widget\" data-widget_type=\"spacer.default\">\n\t\t\t\t<div class=\"elementor-widget-container\">\n\t\t\t\t\t<div class=\"elementor-spacer\">\n\t\t\t<div class=\"elementor-spacer-inner\"><\/div>\n\t\t<\/div>\n\t\t\t\t<\/div>\n\t\t\t\t<\/div>\n\t\t\t\t\t\t<\/div>\n\t\t\t\t\t<\/div>\n\t\t<\/div>\n\t\t\t\t\t\t\t\t<\/div>\n\t\t\t\t\t<\/div>\n\t\t<\/section>\n\t\t\t\t<section class=\"elementor-section elementor-top-section elementor-element elementor-element-42a0ce4b elementor-section-full_width elementor-section-height-default elementor-section-height-default\" data-id=\"42a0ce4b\" data-element_type=\"section\">\n\t\t\t\t\t\t<div class=\"elementor-container elementor-column-gap-no\">\n\t\t\t\t\t\t\t<div class=\"elementor-row\">\n\t\t\t\t\t<div class=\"elementor-column elementor-col-100 elementor-top-column elementor-element elementor-element-70ea8222\" data-id=\"70ea8222\" data-element_type=\"column\">\n\t\t\t<div class=\"elementor-column-wrap elementor-element-populated\">\n\t\t\t\t\t\t\t<div class=\"elementor-widget-wrap\">\n\t\t\t\t\t\t<div class=\"elementor-element elementor-element-f6b81a4 elementor-widget elementor-widget-menu-anchor\" data-id=\"f6b81a4\" data-element_type=\"widget\" data-widget_type=\"menu-anchor.default\">\n\t\t\t\t<div class=\"elementor-widget-container\">\n\t\t\t\t\t<div id=\"map\" class=\"elementor-menu-anchor\"><\/div>\n\t\t\t\t<\/div>\n\t\t\t\t<\/div>\n\t\t\t\t<div class=\"elementor-element elementor-element-93dc200 elementor-widget elementor-widget-themo-google-maps\" data-id=\"93dc200\" data-element_type=\"widget\" data-widget_type=\"themo-google-maps.default\">\n\t\t\t\t<div class=\"elementor-widget-container\">\n\t\t\t        <div class=\"container th-gmap-wrap\">\n            <div class=\"map-info\">\n                <h3>Ku ndodhemi<\/h3>\n                <div class='th-gmap-address'><p>Rruga Pavaresia,Lagjia 13<br \/>\nPlazh, Durres<\/p>\n<\/div>\n                \n                                <div class=\"th-gmap-links\">\n                                            <a href=\"tel:222-2222\">Na kontaktoni<\/a>\n                    \n                                            <a href=\"mailto:info@hotelimperiale.al\">Email<\/a>\n                                    <\/div>\n                \n            <\/div>\n        <\/div>\n\n\t\t<div class=\"th-map\" id=\"th-map-1\" data-map-api=\"AIzaSyBzcmCMt1FClNTyWlWwfN95qvGuVDZsqTo\" data-map-latitude=\"41.304490\" data-map-longitude=\"19.494680\" data-map-zoom=\"15\" data-map-scroll=\"false\" data-map-style='[{\"featureType\":\"landscape.natural\",\"elementType\":\"geometry.fill\",\"stylers\":[{\"visibility\":\"on\"},{\"color\":\"#e0efef\"}]},{\"featureType\":\"poi\",\"elementType\":\"geometry.fill\",\"stylers\":[{\"visibility\":\"on\"},{\"hue\":\"#1900ff\"},{\"color\":\"#c0e8e8\"}]},{\"featureType\":\"road\",\"elementType\":\"geometry\",\"stylers\":[{\"lightness\":100},{\"visibility\":\"simplified\"}]},{\"featureType\":\"road\",\"elementType\":\"labels\",\"stylers\":[{\"visibility\":\"off\"}]},{\"featureType\":\"transit.line\",\"elementType\":\"geometry\",\"stylers\":[{\"visibility\":\"on\"},{\"lightness\":700}]},{\"featureType\":\"water\",\"elementType\":\"all\",\"stylers\":[{\"color\":\"#7dcdcd\"}]}]'><\/div>\n\n\t\t\n\t\t\t\t<\/div>\n\t\t\t\t<\/div>\n\t\t\t\t\t\t<\/div>\n\t\t\t\t\t<\/div>\n\t\t<\/div>\n\t\t\t\t\t\t\t\t<\/div>\n\t\t\t\t\t<\/div>\n\t\t<\/section>\n\t\t\t\t<section class=\"elementor-section elementor-top-section elementor-element elementor-element-26ed64dc elementor-section-boxed elementor-section-height-default elementor-section-height-default\" data-id=\"26ed64dc\" data-element_type=\"section\" data-settings=\"{&quot;background_background&quot;:&quot;classic&quot;}\">\n\t\t\t\t\t\t<div class=\"elementor-container elementor-column-gap-wider\">\n\t\t\t\t\t\t\t<div class=\"elementor-row\">\n\t\t\t\t\t<div class=\"elementor-column elementor-col-100 elementor-top-column elementor-element elementor-element-3972a860\" data-id=\"3972a860\" data-element_type=\"column\">\n\t\t\t<div class=\"elementor-column-wrap elementor-element-populated\">\n\t\t\t\t\t\t\t<div class=\"elementor-widget-wrap\">\n\t\t\t\t\t\t<div class=\"elementor-element elementor-element-3570f2b6 elementor-widget elementor-widget-themo-call-to-action\" data-id=\"3570f2b6\" data-element_type=\"widget\" data-widget_type=\"themo-call-to-action.default\">\n\t\t\t\t<div class=\"elementor-widget-container\">\n\t\t\t\t\t<div class=\"th-cta\">\n\t\t\t\t\t        <div class=\"th-cta-text\">\n\t\t            <span>Cosa Aspetti?<\/span>\n\t\t        <\/div>\n\t\t    \n                        <div class=\"th-cta-btn\">\n\n                                    <a class=\"btn-1 btn th-btn btn-ghost-light\" href=\"\/sq\/\" target=\"_blank\">\n                                                    REYERVO TANI                                            <\/a>\n                \n                            <\/div>\n            \t\t<\/div>\n\t\t\t\t<\/div>\n\t\t\t\t<\/div>\n\t\t\t\t\t\t<\/div>\n\t\t\t\t\t<\/div>\n\t\t<\/div>\n\t\t\t\t\t\t\t\t<\/div>\n\t\t\t\t\t<\/div>\n\t\t<\/section>\n\t\t\t\t<section class=\"elementor-section elementor-top-section elementor-element elementor-element-4d24eeb9 elementor-section-boxed elementor-section-height-default elementor-section-height-default\" data-id=\"4d24eeb9\" data-element_type=\"section\" data-settings=\"{&quot;background_background&quot;:&quot;classic&quot;}\">\n\t\t\t\t\t\t<div class=\"elementor-container elementor-column-gap-default\">\n\t\t\t\t\t\t\t<div class=\"elementor-row\">\n\t\t\t\t\t<div class=\"elementor-column elementor-col-100 elementor-top-column elementor-element elementor-element-194bf240\" data-id=\"194bf240\" data-element_type=\"column\">\n\t\t\t<div class=\"elementor-column-wrap elementor-element-populated\">\n\t\t\t\t\t\t\t<div class=\"elementor-widget-wrap\">\n\t\t\t\t\t\t<div class=\"elementor-element elementor-element-ba10302 elementor-widget elementor-widget-menu-anchor\" data-id=\"ba10302\" data-element_type=\"widget\" data-widget_type=\"menu-anchor.default\">\n\t\t\t\t<div class=\"elementor-widget-container\">\n\t\t\t\t\t<div id=\"faq\" class=\"elementor-menu-anchor\"><\/div>\n\t\t\t\t<\/div>\n\t\t\t\t<\/div>\n\t\t\t\t<div class=\"elementor-element elementor-element-36cb5d23 elementor-view-default elementor-position-top elementor-widget elementor-widget-themo-header\" data-id=\"36cb5d23\" data-element_type=\"widget\" data-widget_type=\"themo-header.default\">\n\t\t\t\t<div class=\"elementor-widget-container\">\n\t\t\t\t\t<div class=\"th-header-wrap\">\n        <div class=\"elementor-icon-box-wrapper th-show-icon\">\n                            <div class=\"elementor-icon-box-icon th-icon-size-md\">\n                    <span class=\"elementor-icon\">\n                        <i class=\"th-trip travelpack-reading-glasses\" aria-hidden=\"true\" fff><\/i>                    <\/span>\n                <\/div>\n                                <div class=\"elementor-icon-box-content\">\n                    <h2 class=\"elementor-icon-box-title\">\n                        P\u00cbRGJIGJE T\u00cb PYETJEVE M\u00cb T\u00cb SHPESHTA                    <\/h2>\n                                        <p class=\"elementor-icon-box-description\"><\/p>\n\n                                    <\/div>\n            <\/div>\n\n        <\/div>\n\n\t\t\t\t<\/div>\n\t\t\t\t<\/div>\n\t\t\t\t<div class=\"elementor-element elementor-element-cd3437d elementor-widget elementor-widget-spacer\" data-id=\"cd3437d\" data-element_type=\"widget\" data-widget_type=\"spacer.default\">\n\t\t\t\t<div class=\"elementor-widget-container\">\n\t\t\t\t\t<div class=\"elementor-spacer\">\n\t\t\t<div class=\"elementor-spacer-inner\"><\/div>\n\t\t<\/div>\n\t\t\t\t<\/div>\n\t\t\t\t<\/div>\n\t\t\t\t<div class=\"elementor-element elementor-element-3372e79 elementor-widget elementor-widget-themo-itinerary\" data-id=\"3372e79\" data-element_type=\"widget\" data-widget_type=\"themo-itinerary.default\">\n\t\t\t\t<div class=\"elementor-widget-container\">\n\t\t\t\t\t<div class=\"th-itinerary th-itin-med th-itin-center\">\n\t\t\t\t\t\t\t\t\t\t<div class=\"th-itin-single th-itin-active\">\n\t\t\t\t\t<i class=\"th-itin-icon fa fa-circle-o\"><\/i>\n\t\t\t\t\t<div class=\"th-itin-title\">\n\t\t\t\t\t\t<span>Sa larg ndodhet hoteli nga qyteti?<\/span>\n\t\t\t\t\t<\/div>\n\t\t\t\t\t<div class=\"th-itin-content\">\n\t\t\t\t\t\tQuisque nec enim lorem. Proin ullamcorper auctor sodales. Donec ultrices justo eget dignissim vehicula.\t\t\t\t\t<\/div>\n\t\t\t\t<\/div>\n\t\t\t\t\t\t\t<div class=\"th-itin-single th-itin-inactive\">\n\t\t\t\t\t<i class=\"th-itin-icon fa fa-circle-o\"><\/i>\n\t\t\t\t\t<div class=\"th-itin-title\">\n\t\t\t\t\t\t<span>Do na duhet makin\u00eb p\u00ebr t\u00eb sh\u00ebtitur?<\/span>\n\t\t\t\t\t<\/div>\n\t\t\t\t\t<div class=\"th-itin-content\">\n\t\t\t\t\t\tQuisque nec enim lorem. Proin ullamcorper auctor sodales. Donec ultrices justo eget dignissim vehicula.\t\t\t\t\t<\/div>\n\t\t\t\t<\/div>\n\t\t\t\t\t\t\t<div class=\"th-itin-single th-itin-inactive\">\n\t\t\t\t\t<i class=\"th-itin-icon fa fa-circle-o\"><\/i>\n\t\t\t\t\t<div class=\"th-itin-title\">\n\t\t\t\t\t\t<span>Si mund t\u00eb vijm\u00eb nga aeroporti tek hoteli?<\/span>\n\t\t\t\t\t<\/div>\n\t\t\t\t\t<div class=\"th-itin-content\">\n\t\t\t\t\t\tQuisque nec enim lorem. Proin ullamcorper auctor sodales. Donec ultrices justo eget dignissim vehicula.\t\t\t\t\t<\/div>\n\t\t\t\t<\/div>\n\t\t\t\t\t\t\t<div class=\"th-itin-single th-itin-inactive\">\n\t\t\t\t\t<i class=\"th-itin-icon fa fa-circle-o\"><\/i>\n\t\t\t\t\t<div class=\"th-itin-title\">\n\t\t\t\t\t\t<span>Ka vend p\u00ebr t\u00eb b\u00ebr\u00eb sh\u00ebtitje me vark\u00eb apo me motorra uji?<\/span>\n\t\t\t\t\t<\/div>\n\t\t\t\t\t<div class=\"th-itin-content\">\n\t\t\t\t\t\tQuisque nec enim lorem. Proin ullamcorper auctor sodales. Donec ultrices justo eget dignissim vehicula.\t\t\t\t\t<\/div>\n\t\t\t\t<\/div>\n\t\t\t\t\t<\/div>\n\t\t\t\t<\/div>\n\t\t\t\t<\/div>\n\t\t\t\t\t\t<\/div>\n\t\t\t\t\t<\/div>\n\t\t<\/div>\n\t\t\t\t\t\t\t\t<\/div>\n\t\t\t\t\t<\/div>\n\t\t<\/section>\n\t\t\t\t<section class=\"elementor-section elementor-top-section elementor-element elementor-element-1211b2ab elementor-section-boxed elementor-section-height-default elementor-section-height-default\" data-id=\"1211b2ab\" data-element_type=\"section\" data-settings=\"{&quot;background_background&quot;:&quot;classic&quot;}\">\n\t\t\t\t\t\t<div class=\"elementor-container elementor-column-gap-default\">\n\t\t\t\t\t\t\t<div class=\"elementor-row\">\n\t\t\t\t\t<div class=\"elementor-column elementor-col-100 elementor-top-column elementor-element elementor-element-125f9ba1\" data-id=\"125f9ba1\" data-element_type=\"column\">\n\t\t\t<div class=\"elementor-column-wrap elementor-element-populated\">\n\t\t\t\t\t\t\t<div class=\"elementor-widget-wrap\">\n\t\t\t\t\t\t<section class=\"elementor-section elementor-inner-section elementor-element elementor-element-f5d11bc elementor-section-boxed elementor-section-height-default elementor-section-height-default\" data-id=\"f5d11bc\" data-element_type=\"section\">\n\t\t\t\t\t\t<div class=\"elementor-container elementor-column-gap-default\">\n\t\t\t\t\t\t\t<div class=\"elementor-row\">\n\t\t\t\t\t<div class=\"elementor-column elementor-col-33 elementor-inner-column elementor-element elementor-element-52cb2323\" data-id=\"52cb2323\" data-element_type=\"column\">\n\t\t\t<div class=\"elementor-column-wrap elementor-element-populated\">\n\t\t\t\t\t\t\t<div class=\"elementor-widget-wrap\">\n\t\t\t\t\t\t<div class=\"elementor-element elementor-element-1b5b1bf6 elementor-widget elementor-widget-image\" data-id=\"1b5b1bf6\" data-element_type=\"widget\" data-widget_type=\"image.default\">\n\t\t\t\t<div class=\"elementor-widget-container\">\n\t\t\t\t\t\t\t\t<div class=\"elementor-image\">\n\t\t\t\t\t\t\t\t\t\t\t\t<img data-rjs=\"2\" loading=\"lazy\" decoding=\"async\" width=\"150\" height=\"80\" src=\"https:\/\/hotelimperiale.al\/wp-content\/uploads\/2017\/12\/brands-tripadvisor-70.png\" class=\"attachment-th_img_xs size-th_img_xs wp-image-28\" alt=\"\" \/>\t\t\t\t\t\t\t\t\t\t\t\t\t\t<\/div>\n\t\t\t\t\t\t<\/div>\n\t\t\t\t<\/div>\n\t\t\t\t\t\t<\/div>\n\t\t\t\t\t<\/div>\n\t\t<\/div>\n\t\t\t\t<div class=\"elementor-column elementor-col-33 elementor-inner-column elementor-element elementor-element-5ef0fbca\" data-id=\"5ef0fbca\" data-element_type=\"column\">\n\t\t\t<div class=\"elementor-column-wrap elementor-element-populated\">\n\t\t\t\t\t\t\t<div class=\"elementor-widget-wrap\">\n\t\t\t\t\t\t<div class=\"elementor-element elementor-element-6d031d14 elementor-widget elementor-widget-image\" data-id=\"6d031d14\" data-element_type=\"widget\" data-widget_type=\"image.default\">\n\t\t\t\t<div class=\"elementor-widget-container\">\n\t\t\t\t\t\t\t\t<div class=\"elementor-image\">\n\t\t\t\t\t\t\t\t\t\t\t\t<img data-rjs=\"2\" loading=\"lazy\" decoding=\"async\" width=\"220\" height=\"80\" src=\"https:\/\/hotelimperiale.al\/wp-content\/uploads\/2017\/12\/brands-airbnb-70.png\" class=\"attachment-th_img_xs size-th_img_xs wp-image-29\" alt=\"\" \/>\t\t\t\t\t\t\t\t\t\t\t\t\t\t<\/div>\n\t\t\t\t\t\t<\/div>\n\t\t\t\t<\/div>\n\t\t\t\t\t\t<\/div>\n\t\t\t\t\t<\/div>\n\t\t<\/div>\n\t\t\t\t<div class=\"elementor-column elementor-col-33 elementor-inner-column elementor-element elementor-element-7085b3ac\" data-id=\"7085b3ac\" data-element_type=\"column\">\n\t\t\t<div class=\"elementor-column-wrap elementor-element-populated\">\n\t\t\t\t\t\t\t<div class=\"elementor-widget-wrap\">\n\t\t\t\t\t\t<div class=\"elementor-element elementor-element-a28a0 elementor-widget elementor-widget-image\" data-id=\"a28a0\" data-element_type=\"widget\" data-widget_type=\"image.default\">\n\t\t\t\t<div class=\"elementor-widget-container\">\n\t\t\t\t\t\t\t\t<div class=\"elementor-image\">\n\t\t\t\t\t\t\t\t\t\t\t\t<img data-rjs=\"2\" loading=\"lazy\" decoding=\"async\" width=\"210\" height=\"80\" src=\"https:\/\/hotelimperiale.al\/wp-content\/uploads\/2017\/12\/brands-bbb-70.png\" class=\"attachment-th_img_xs size-th_img_xs wp-image-30\" alt=\"\" \/>\t\t\t\t\t\t\t\t\t\t\t\t\t\t<\/div>\n\t\t\t\t\t\t<\/div>\n\t\t\t\t<\/div>\n\t\t\t\t\t\t<\/div>\n\t\t\t\t\t<\/div>\n\t\t<\/div>\n\t\t\t\t\t\t\t\t<\/div>\n\t\t\t\t\t<\/div>\n\t\t<\/section>\n\t\t\t\t<div class=\"elementor-element elementor-element-6d97794 elementor-widget elementor-widget-spacer\" data-id=\"6d97794\" data-element_type=\"widget\" data-widget_type=\"spacer.default\">\n\t\t\t\t<div class=\"elementor-widget-container\">\n\t\t\t\t\t<div class=\"elementor-spacer\">\n\t\t\t<div class=\"elementor-spacer-inner\"><\/div>\n\t\t<\/div>\n\t\t\t\t<\/div>\n\t\t\t\t<\/div>\n\t\t\t\t\t\t<\/div>\n\t\t\t\t\t<\/div>\n\t\t<\/div>\n\t\t\t\t\t\t\t\t<\/div>\n\t\t\t\t\t<\/div>\n\t\t<\/section>\n\t\t\t\t\t\t\t\t\t<\/div>\n\t\t\t<\/div>\n\t\t\t\t\t<\/div>","protected":false},"excerpt":{"rendered":"<p>DOVE SIAMO MAPPA E INDICAZIONI DOVE SIAMO Rruga Pavaresia,Lagjia 13 Plazh, Durres Chiamami Email Cosa Aspetti? PRENOTA ORA ANSWERS TO COMMON QUESTIONS How far is the Hotel from town? Quisque nec enim lorem. Proin ullamcorper auctor sodales. Donec ultrices justo &hellip; <a href=\"https:\/\/hotelimperiale.al\/sq\/dove-siamo\/\">Read More<\/a><\/p>","protected":false},"author":1,"featured_media":0,"parent":0,"menu_order":9,"comment_status":"closed","ping_status":"closed","template":"","meta":{"footnotes":""},"class_list":["post-60","page","type-page","status-publish","hentry"],"_links":{"self":[{"href":"https:\/\/hotelimperiale.al\/sq\/wp-json\/wp\/v2\/pages\/60","targetHints":{"allow":["GET"]}}],"collection":[{"href":"https:\/\/hotelimperiale.al\/sq\/wp-json\/wp\/v2\/pages"}],"about":[{"href":"https:\/\/hotelimperiale.al\/sq\/wp-json\/wp\/v2\/types\/page"}],"author":[{"embeddable":true,"href":"https:\/\/hotelimperiale.al\/sq\/wp-json\/wp\/v2\/users\/1"}],"replies":[{"embeddable":true,"href":"https:\/\/hotelimperiale.al\/sq\/wp-json\/wp\/v2\/comments?post=60"}],"version-history":[{"count":61,"href":"https:\/\/hotelimperiale.al\/sq\/wp-json\/wp\/v2\/pages\/60\/revisions"}],"predecessor-version":[{"id":775,"href":"https:\/\/hotelimperiale.al\/sq\/wp-json\/wp\/v2\/pages\/60\/revisions\/775"}],"wp:attachment":[{"href":"https:\/\/hotelimperiale.al\/sq\/wp-json\/wp\/v2\/media?parent=60"}],"curies":[{"name":"wp","href":"https:\/\/api.w.org\/{rel}","templated":true}]}}